{"id":12,"date":"2015-06-02T14:36:35","date_gmt":"2015-06-02T14:36:35","guid":{"rendered":"http:\/\/kolesterolmedicin.ltaps.dk\/?page_id=12"},"modified":"2015-06-02T14:36:35","modified_gmt":"2015-06-02T14:36:35","slug":"oekonomi","status":"publish","type":"page","link":"https:\/\/kolesterolmedicin.dk\/?page_id=12","title":{"rendered":"\u00d8konomi"},"content":{"rendered":"<p><strong>Statiner belaster sundhedsv\u00e6senet<\/strong><\/p>\n<p>53.000 danskere var i 2001 i behandling med simvastatiner, kolesterol-s\u00e6nkende medicin. I 2005 var tallet steget til n\u00e6sten 260.000 \u2013 en femdobling p\u00e5 f\u00e5 \u00e5r, og en af de v\u00e6sentlige \u00e5rsager til, at hver dansker i snit bruger 22 procent mere medicin end blot to et halvt \u00e5r tidligere. Forbrugsstigningen skyldes blandt andet fokus p\u00e5 forebyggelse og nye behandlingsmetoder, siger Betina Kj\u00e6r Hansen, MPH og farmaceutisk udviklingskonsulent i Danmarks Apotekerforening:<br \/>\n&#8211; Der er sat mere fokus p\u00e5 forebyggelse af de otte store folkesygdomme, og derfor bruges der langt mere medicin til forbyggende behandling af for eksempel forh\u00f8jet kolesterol end for f\u00e5 \u00e5r siden, siger hun.<\/p>\n<p>Ovenst\u00e5ende oplysninger er fra Danmarks Apotekerforening, og som det kan ses, s\u00e5 mener de, at statinbehandling er en forebyggende behandling. \u00c6gte forebyggelse er dog noget ganske andet. Det handler om at leve sundt for at undg\u00e5 sygdom. At &#8220;forebygge&#8221; med symptomd\u00e6mpende medicin vil altid skabe nye problemer p\u00e5 grund af bivirkningerne. &#8220;Forebyggende&#8221; behandling med medicin er derfor ofte forbundet med store \u00f8konomiske og menneskelige omkostninger til f\u00f8lge.<\/p>\n","protected":false},"excerpt":{"rendered":"<p>Statiner belaster sundhedsv\u00e6senet 53.000 danskere var i 2001 i behandling med simvastatiner, kolesterol-s\u00e6nkende medicin. I 2005 var tallet steget til n\u00e6sten 260.000 \u2013 en femdobling p\u00e5 f\u00e5 \u00e5r, og en af de v\u00e6sentlige \u00e5rsager til, at hver dansker i snit bruger 22 procent mere medicin end blot to et halvt \u00e5r tidligere. Forbrugsstigningen skyldes blandt [&hellip;]<\/p>\n","protected":false},"author":1,"featured_media":0,"parent":0,"menu_order":0,"comment_status":"open","ping_status":"open","template":"","meta":{"footnotes":""},"class_list":["post-12","page","type-page","status-publish","hentry"],"yoast_head":"<!-- This site is optimized with the Yoast SEO plugin v26.0 - https:\/\/yoast.com\/wordpress\/plugins\/seo\/ -->\n<title>\u00d8konomi - KolesterolMedicin.dk<\/title>\n<meta name=\"robots\" content=\"index, follow, max-snippet:-1, max-image-preview:large, max-video-preview:-1\" \/>\n<link rel=\"canonical\" href=\"https:\/\/kolesterolmedicin.dk\/?page_id=12\" \/>\n<meta property=\"og:locale\" content=\"da_DK\" \/>\n<meta property=\"og:type\" content=\"article\" \/>\n<meta property=\"og:title\" content=\"\u00d8konomi - KolesterolMedicin.dk\" \/>\n<meta property=\"og:description\" content=\"Statiner belaster sundhedsv\u00e6senet 53.000 danskere var i 2001 i behandling med simvastatiner, kolesterol-s\u00e6nkende medicin. I 2005 var tallet steget til n\u00e6sten 260.000 \u2013 en femdobling p\u00e5 f\u00e5 \u00e5r, og en af de v\u00e6sentlige \u00e5rsager til, at hver dansker i snit bruger 22 procent mere medicin end blot to et halvt \u00e5r tidligere. Forbrugsstigningen skyldes blandt [&hellip;]\" \/>\n<meta property=\"og:url\" content=\"https:\/\/kolesterolmedicin.dk\/?page_id=12\" \/>\n<meta property=\"og:site_name\" content=\"KolesterolMedicin.dk\" \/>\n<meta name=\"twitter:card\" content=\"summary_large_image\" \/>\n<meta name=\"twitter:label1\" content=\"Estimeret l\u00e6setid\" \/>\n\t<meta name=\"twitter:data1\" content=\"1 minut\" \/>\n<script type=\"application\/ld+json\" class=\"yoast-schema-graph\">{\"@context\":\"https:\/\/schema.org\",\"@graph\":[{\"@type\":\"WebPage\",\"@id\":\"https:\/\/kolesterolmedicin.dk\/?page_id=12\",\"url\":\"https:\/\/kolesterolmedicin.dk\/?page_id=12\",\"name\":\"\u00d8konomi - KolesterolMedicin.dk\",\"isPartOf\":{\"@id\":\"https:\/\/kolesterolmedicin.dk\/#website\"},\"datePublished\":\"2015-06-02T14:36:35+00:00\",\"breadcrumb\":{\"@id\":\"https:\/\/kolesterolmedicin.dk\/?page_id=12#breadcrumb\"},\"inLanguage\":\"da-DK\",\"potentialAction\":[{\"@type\":\"ReadAction\",\"target\":[\"https:\/\/kolesterolmedicin.dk\/?page_id=12\"]}]},{\"@type\":\"BreadcrumbList\",\"@id\":\"https:\/\/kolesterolmedicin.dk\/?page_id=12#breadcrumb\",\"itemListElement\":[{\"@type\":\"ListItem\",\"position\":1,\"name\":\"Hjem\",\"item\":\"https:\/\/kolesterolmedicin.dk\/\"},{\"@type\":\"ListItem\",\"position\":2,\"name\":\"\u00d8konomi\"}]},{\"@type\":\"WebSite\",\"@id\":\"https:\/\/kolesterolmedicin.dk\/#website\",\"url\":\"https:\/\/kolesterolmedicin.dk\/\",\"name\":\"KolesterolMedicin.dk\",\"description\":\"\",\"potentialAction\":[{\"@type\":\"SearchAction\",\"target\":{\"@type\":\"EntryPoint\",\"urlTemplate\":\"https:\/\/kolesterolmedicin.dk\/?s={search_term_string}\"},\"query-input\":{\"@type\":\"PropertyValueSpecification\",\"valueRequired\":true,\"valueName\":\"search_term_string\"}}],\"inLanguage\":\"da-DK\"}]}<\/script>\n<!-- \/ Yoast SEO plugin. -->","yoast_head_json":{"title":"\u00d8konomi - KolesterolMedicin.dk","robots":{"index":"index","follow":"follow","max-snippet":"max-snippet:-1","max-image-preview":"max-image-preview:large","max-video-preview":"max-video-preview:-1"},"canonical":"https:\/\/kolesterolmedicin.dk\/?page_id=12","og_locale":"da_DK","og_type":"article","og_title":"\u00d8konomi - KolesterolMedicin.dk","og_description":"Statiner belaster sundhedsv\u00e6senet 53.000 danskere var i 2001 i behandling med simvastatiner, kolesterol-s\u00e6nkende medicin. I 2005 var tallet steget til n\u00e6sten 260.000 \u2013 en femdobling p\u00e5 f\u00e5 \u00e5r, og en af de v\u00e6sentlige \u00e5rsager til, at hver dansker i snit bruger 22 procent mere medicin end blot to et halvt \u00e5r tidligere. Forbrugsstigningen skyldes blandt [&hellip;]","og_url":"https:\/\/kolesterolmedicin.dk\/?page_id=12","og_site_name":"KolesterolMedicin.dk","twitter_card":"summary_large_image","twitter_misc":{"Estimeret l\u00e6setid":"1 minut"},"schema":{"@context":"https:\/\/schema.org","@graph":[{"@type":"WebPage","@id":"https:\/\/kolesterolmedicin.dk\/?page_id=12","url":"https:\/\/kolesterolmedicin.dk\/?page_id=12","name":"\u00d8konomi - KolesterolMedicin.dk","isPartOf":{"@id":"https:\/\/kolesterolmedicin.dk\/#website"},"datePublished":"2015-06-02T14:36:35+00:00","breadcrumb":{"@id":"https:\/\/kolesterolmedicin.dk\/?page_id=12#breadcrumb"},"inLanguage":"da-DK","potentialAction":[{"@type":"ReadAction","target":["https:\/\/kolesterolmedicin.dk\/?page_id=12"]}]},{"@type":"BreadcrumbList","@id":"https:\/\/kolesterolmedicin.dk\/?page_id=12#breadcrumb","itemListElement":[{"@type":"ListItem","position":1,"name":"Hjem","item":"https:\/\/kolesterolmedicin.dk\/"},{"@type":"ListItem","position":2,"name":"\u00d8konomi"}]},{"@type":"WebSite","@id":"https:\/\/kolesterolmedicin.dk\/#website","url":"https:\/\/kolesterolmedicin.dk\/","name":"KolesterolMedicin.dk","description":"","potentialAction":[{"@type":"SearchAction","target":{"@type":"EntryPoint","urlTemplate":"https:\/\/kolesterolmedicin.dk\/?s={search_term_string}"},"query-input":{"@type":"PropertyValueSpecification","valueRequired":true,"valueName":"search_term_string"}}],"inLanguage":"da-DK"}]}},"_links":{"self":[{"href":"https:\/\/kolesterolmedicin.dk\/index.php?rest_route=\/wp\/v2\/pages\/12","targetHints":{"allow":["GET"]}}],"collection":[{"href":"https:\/\/kolesterolmedicin.dk\/index.php?rest_route=\/wp\/v2\/pages"}],"about":[{"href":"https:\/\/kolesterolmedicin.dk\/index.php?rest_route=\/wp\/v2\/types\/page"}],"author":[{"embeddable":true,"href":"https:\/\/kolesterolmedicin.dk\/index.php?rest_route=\/wp\/v2\/users\/1"}],"replies":[{"embeddable":true,"href":"https:\/\/kolesterolmedicin.dk\/index.php?rest_route=%2Fwp%2Fv2%2Fcomments&post=12"}],"version-history":[{"count":1,"href":"https:\/\/kolesterolmedicin.dk\/index.php?rest_route=\/wp\/v2\/pages\/12\/revisions"}],"predecessor-version":[{"id":13,"href":"https:\/\/kolesterolmedicin.dk\/index.php?rest_route=\/wp\/v2\/pages\/12\/revisions\/13"}],"wp:attachment":[{"href":"https:\/\/kolesterolmedicin.dk\/index.php?rest_route=%2Fwp%2Fv2%2Fmedia&parent=12"}],"curies":[{"name":"wp","href":"https:\/\/api.w.org\/{rel}","templated":true}]}}