{"id":14,"date":"2015-06-02T14:36:59","date_gmt":"2015-06-02T14:36:59","guid":{"rendered":"http:\/\/kolesterolmedicin.ltaps.dk\/?page_id=14"},"modified":"2015-06-02T14:36:59","modified_gmt":"2015-06-02T14:36:59","slug":"forskning","status":"publish","type":"page","link":"https:\/\/kolesterolmedicin.dk\/?page_id=14","title":{"rendered":"Forskning"},"content":{"rendered":"<p><strong>Svag dokumentation af statiner<\/strong><\/p>\n<p>En gruppe schweiziske forskere har i en metaanalyse unders\u00f8gt konklusionerne i 97 videnskabelige unders\u00f8gelser, der samlet omfattede 276.000 personer. Forskerne sammenlignede virkningen af den type kolesterols\u00e6nkende medicin der kaldes statiner med Omega 3 fedtsyrer som omfatter fiskeolie. Forskerne konkluderer at Omega 3 fedtsyrer (fiskeolie) er n\u00e6sten dobbelt s\u00e5 effektivt til at forhindre hjerte-karsygdom som statiner. Nyheden er fundet i H\u00e4lsingborg Dagblad 5. september 2005.<\/p>\n<p>Nyttevirkningen af den kolesterols\u00e6nkende type af medicin, som kaldes statiner er d\u00e5rligt dokumenteret hos kvinder samt \u00e6ldre mennesker af begge k\u00f8n og har v\u00e6ret st\u00e6rkt omdiskuteret i store videnskabelige tidsskrifter som Lancet (20.januar 2007 ) og British Medical Journal (11.maj 2007). P\u00e5 trods af den ringe dokumentation, for effekt, er der stadig et stort antal kvinder og \u00e6ldre m\u00e6nd, som indtager denne type medicin.<\/p>\n<p><a href=\"http:\/\/www.thegreatcholesterolcon.com\/\">Se mere<\/a><\/p>\n","protected":false},"excerpt":{"rendered":"<p>Svag dokumentation af statiner En gruppe schweiziske forskere har i en metaanalyse unders\u00f8gt konklusionerne i 97 videnskabelige unders\u00f8gelser, der samlet omfattede 276.000 personer. Forskerne sammenlignede virkningen af den type kolesterols\u00e6nkende medicin der kaldes statiner med Omega 3 fedtsyrer som omfatter fiskeolie. Forskerne konkluderer at Omega 3 fedtsyrer (fiskeolie) er n\u00e6sten dobbelt s\u00e5 effektivt til at [&hellip;]<\/p>\n","protected":false},"author":1,"featured_media":0,"parent":0,"menu_order":0,"comment_status":"open","ping_status":"open","template":"","meta":{"footnotes":""},"class_list":["post-14","page","type-page","status-publish","hentry"],"yoast_head":"<!-- This site is optimized with the Yoast SEO plugin v26.0 - https:\/\/yoast.com\/wordpress\/plugins\/seo\/ -->\n<title>Forskning - KolesterolMedicin.dk<\/title>\n<meta name=\"robots\" content=\"index, follow, max-snippet:-1, max-image-preview:large, max-video-preview:-1\" \/>\n<link rel=\"canonical\" href=\"https:\/\/kolesterolmedicin.dk\/?page_id=14\" \/>\n<meta property=\"og:locale\" content=\"da_DK\" \/>\n<meta property=\"og:type\" content=\"article\" \/>\n<meta property=\"og:title\" content=\"Forskning - KolesterolMedicin.dk\" \/>\n<meta property=\"og:description\" content=\"Svag dokumentation af statiner En gruppe schweiziske forskere har i en metaanalyse unders\u00f8gt konklusionerne i 97 videnskabelige unders\u00f8gelser, der samlet omfattede 276.000 personer. Forskerne sammenlignede virkningen af den type kolesterols\u00e6nkende medicin der kaldes statiner med Omega 3 fedtsyrer som omfatter fiskeolie. Forskerne konkluderer at Omega 3 fedtsyrer (fiskeolie) er n\u00e6sten dobbelt s\u00e5 effektivt til at [&hellip;]\" \/>\n<meta property=\"og:url\" content=\"https:\/\/kolesterolmedicin.dk\/?page_id=14\" \/>\n<meta property=\"og:site_name\" content=\"KolesterolMedicin.dk\" \/>\n<meta name=\"twitter:card\" content=\"summary_large_image\" \/>\n<meta name=\"twitter:label1\" content=\"Estimeret l\u00e6setid\" \/>\n\t<meta name=\"twitter:data1\" content=\"1 minut\" \/>\n<script type=\"application\/ld+json\" class=\"yoast-schema-graph\">{\"@context\":\"https:\/\/schema.org\",\"@graph\":[{\"@type\":\"WebPage\",\"@id\":\"https:\/\/kolesterolmedicin.dk\/?page_id=14\",\"url\":\"https:\/\/kolesterolmedicin.dk\/?page_id=14\",\"name\":\"Forskning - KolesterolMedicin.dk\",\"isPartOf\":{\"@id\":\"https:\/\/kolesterolmedicin.dk\/#website\"},\"datePublished\":\"2015-06-02T14:36:59+00:00\",\"breadcrumb\":{\"@id\":\"https:\/\/kolesterolmedicin.dk\/?page_id=14#breadcrumb\"},\"inLanguage\":\"da-DK\",\"potentialAction\":[{\"@type\":\"ReadAction\",\"target\":[\"https:\/\/kolesterolmedicin.dk\/?page_id=14\"]}]},{\"@type\":\"BreadcrumbList\",\"@id\":\"https:\/\/kolesterolmedicin.dk\/?page_id=14#breadcrumb\",\"itemListElement\":[{\"@type\":\"ListItem\",\"position\":1,\"name\":\"Hjem\",\"item\":\"https:\/\/kolesterolmedicin.dk\/\"},{\"@type\":\"ListItem\",\"position\":2,\"name\":\"Forskning\"}]},{\"@type\":\"WebSite\",\"@id\":\"https:\/\/kolesterolmedicin.dk\/#website\",\"url\":\"https:\/\/kolesterolmedicin.dk\/\",\"name\":\"KolesterolMedicin.dk\",\"description\":\"\",\"potentialAction\":[{\"@type\":\"SearchAction\",\"target\":{\"@type\":\"EntryPoint\",\"urlTemplate\":\"https:\/\/kolesterolmedicin.dk\/?s={search_term_string}\"},\"query-input\":{\"@type\":\"PropertyValueSpecification\",\"valueRequired\":true,\"valueName\":\"search_term_string\"}}],\"inLanguage\":\"da-DK\"}]}<\/script>\n<!-- \/ Yoast SEO plugin. -->","yoast_head_json":{"title":"Forskning - KolesterolMedicin.dk","robots":{"index":"index","follow":"follow","max-snippet":"max-snippet:-1","max-image-preview":"max-image-preview:large","max-video-preview":"max-video-preview:-1"},"canonical":"https:\/\/kolesterolmedicin.dk\/?page_id=14","og_locale":"da_DK","og_type":"article","og_title":"Forskning - KolesterolMedicin.dk","og_description":"Svag dokumentation af statiner En gruppe schweiziske forskere har i en metaanalyse unders\u00f8gt konklusionerne i 97 videnskabelige unders\u00f8gelser, der samlet omfattede 276.000 personer. Forskerne sammenlignede virkningen af den type kolesterols\u00e6nkende medicin der kaldes statiner med Omega 3 fedtsyrer som omfatter fiskeolie. Forskerne konkluderer at Omega 3 fedtsyrer (fiskeolie) er n\u00e6sten dobbelt s\u00e5 effektivt til at [&hellip;]","og_url":"https:\/\/kolesterolmedicin.dk\/?page_id=14","og_site_name":"KolesterolMedicin.dk","twitter_card":"summary_large_image","twitter_misc":{"Estimeret l\u00e6setid":"1 minut"},"schema":{"@context":"https:\/\/schema.org","@graph":[{"@type":"WebPage","@id":"https:\/\/kolesterolmedicin.dk\/?page_id=14","url":"https:\/\/kolesterolmedicin.dk\/?page_id=14","name":"Forskning - KolesterolMedicin.dk","isPartOf":{"@id":"https:\/\/kolesterolmedicin.dk\/#website"},"datePublished":"2015-06-02T14:36:59+00:00","breadcrumb":{"@id":"https:\/\/kolesterolmedicin.dk\/?page_id=14#breadcrumb"},"inLanguage":"da-DK","potentialAction":[{"@type":"ReadAction","target":["https:\/\/kolesterolmedicin.dk\/?page_id=14"]}]},{"@type":"BreadcrumbList","@id":"https:\/\/kolesterolmedicin.dk\/?page_id=14#breadcrumb","itemListElement":[{"@type":"ListItem","position":1,"name":"Hjem","item":"https:\/\/kolesterolmedicin.dk\/"},{"@type":"ListItem","position":2,"name":"Forskning"}]},{"@type":"WebSite","@id":"https:\/\/kolesterolmedicin.dk\/#website","url":"https:\/\/kolesterolmedicin.dk\/","name":"KolesterolMedicin.dk","description":"","potentialAction":[{"@type":"SearchAction","target":{"@type":"EntryPoint","urlTemplate":"https:\/\/kolesterolmedicin.dk\/?s={search_term_string}"},"query-input":{"@type":"PropertyValueSpecification","valueRequired":true,"valueName":"search_term_string"}}],"inLanguage":"da-DK"}]}},"_links":{"self":[{"href":"https:\/\/kolesterolmedicin.dk\/index.php?rest_route=\/wp\/v2\/pages\/14","targetHints":{"allow":["GET"]}}],"collection":[{"href":"https:\/\/kolesterolmedicin.dk\/index.php?rest_route=\/wp\/v2\/pages"}],"about":[{"href":"https:\/\/kolesterolmedicin.dk\/index.php?rest_route=\/wp\/v2\/types\/page"}],"author":[{"embeddable":true,"href":"https:\/\/kolesterolmedicin.dk\/index.php?rest_route=\/wp\/v2\/users\/1"}],"replies":[{"embeddable":true,"href":"https:\/\/kolesterolmedicin.dk\/index.php?rest_route=%2Fwp%2Fv2%2Fcomments&post=14"}],"version-history":[{"count":1,"href":"https:\/\/kolesterolmedicin.dk\/index.php?rest_route=\/wp\/v2\/pages\/14\/revisions"}],"predecessor-version":[{"id":15,"href":"https:\/\/kolesterolmedicin.dk\/index.php?rest_route=\/wp\/v2\/pages\/14\/revisions\/15"}],"wp:attachment":[{"href":"https:\/\/kolesterolmedicin.dk\/index.php?rest_route=%2Fwp%2Fv2%2Fmedia&parent=14"}],"curies":[{"name":"wp","href":"https:\/\/api.w.org\/{rel}","templated":true}]}}