{"id":16,"date":"2015-06-02T14:37:12","date_gmt":"2015-06-02T14:37:12","guid":{"rendered":"http:\/\/kolesterolmedicin.ltaps.dk\/?page_id=16"},"modified":"2015-06-02T14:37:12","modified_gmt":"2015-06-02T14:37:12","slug":"laegeerfaringer","status":"publish","type":"page","link":"https:\/\/kolesterolmedicin.dk\/?page_id=16","title":{"rendered":"L\u00e6geerfaringer"},"content":{"rendered":"<p><strong>L\u00e6ger kritiske overfor statiner<\/strong><\/p>\n<p>Flere og flere l\u00e6ger er kritiske overfor de kolesterols\u00e6nkende piller.<\/p>\n<p>Siden er under opbygning.<\/p>\n","protected":false},"excerpt":{"rendered":"<p>L\u00e6ger kritiske overfor statiner Flere og flere l\u00e6ger er kritiske overfor de kolesterols\u00e6nkende piller. Siden er under opbygning.<\/p>\n","protected":false},"author":1,"featured_media":0,"parent":0,"menu_order":0,"comment_status":"open","ping_status":"open","template":"","meta":{"footnotes":""},"class_list":["post-16","page","type-page","status-publish","hentry"],"yoast_head":"<!-- This site is optimized with the Yoast SEO plugin v26.0 - https:\/\/yoast.com\/wordpress\/plugins\/seo\/ -->\n<title>L\u00e6geerfaringer - KolesterolMedicin.dk<\/title>\n<meta name=\"robots\" content=\"index, follow, max-snippet:-1, max-image-preview:large, max-video-preview:-1\" \/>\n<link rel=\"canonical\" href=\"https:\/\/kolesterolmedicin.dk\/?page_id=16\" \/>\n<meta property=\"og:locale\" content=\"da_DK\" \/>\n<meta property=\"og:type\" content=\"article\" \/>\n<meta property=\"og:title\" content=\"L\u00e6geerfaringer - KolesterolMedicin.dk\" \/>\n<meta property=\"og:description\" content=\"L\u00e6ger kritiske overfor statiner Flere og flere l\u00e6ger er kritiske overfor de kolesterols\u00e6nkende piller. Siden er under opbygning.\" \/>\n<meta property=\"og:url\" content=\"https:\/\/kolesterolmedicin.dk\/?page_id=16\" \/>\n<meta property=\"og:site_name\" content=\"KolesterolMedicin.dk\" \/>\n<meta name=\"twitter:card\" content=\"summary_large_image\" \/>\n<script type=\"application\/ld+json\" class=\"yoast-schema-graph\">{\"@context\":\"https:\/\/schema.org\",\"@graph\":[{\"@type\":\"WebPage\",\"@id\":\"https:\/\/kolesterolmedicin.dk\/?page_id=16\",\"url\":\"https:\/\/kolesterolmedicin.dk\/?page_id=16\",\"name\":\"L\u00e6geerfaringer - KolesterolMedicin.dk\",\"isPartOf\":{\"@id\":\"https:\/\/kolesterolmedicin.dk\/#website\"},\"datePublished\":\"2015-06-02T14:37:12+00:00\",\"breadcrumb\":{\"@id\":\"https:\/\/kolesterolmedicin.dk\/?page_id=16#breadcrumb\"},\"inLanguage\":\"da-DK\",\"potentialAction\":[{\"@type\":\"ReadAction\",\"target\":[\"https:\/\/kolesterolmedicin.dk\/?page_id=16\"]}]},{\"@type\":\"BreadcrumbList\",\"@id\":\"https:\/\/kolesterolmedicin.dk\/?page_id=16#breadcrumb\",\"itemListElement\":[{\"@type\":\"ListItem\",\"position\":1,\"name\":\"Hjem\",\"item\":\"https:\/\/kolesterolmedicin.dk\/\"},{\"@type\":\"ListItem\",\"position\":2,\"name\":\"L\u00e6geerfaringer\"}]},{\"@type\":\"WebSite\",\"@id\":\"https:\/\/kolesterolmedicin.dk\/#website\",\"url\":\"https:\/\/kolesterolmedicin.dk\/\",\"name\":\"KolesterolMedicin.dk\",\"description\":\"\",\"potentialAction\":[{\"@type\":\"SearchAction\",\"target\":{\"@type\":\"EntryPoint\",\"urlTemplate\":\"https:\/\/kolesterolmedicin.dk\/?s={search_term_string}\"},\"query-input\":{\"@type\":\"PropertyValueSpecification\",\"valueRequired\":true,\"valueName\":\"search_term_string\"}}],\"inLanguage\":\"da-DK\"}]}<\/script>\n<!-- \/ Yoast SEO plugin. -->","yoast_head_json":{"title":"L\u00e6geerfaringer - KolesterolMedicin.dk","robots":{"index":"index","follow":"follow","max-snippet":"max-snippet:-1","max-image-preview":"max-image-preview:large","max-video-preview":"max-video-preview:-1"},"canonical":"https:\/\/kolesterolmedicin.dk\/?page_id=16","og_locale":"da_DK","og_type":"article","og_title":"L\u00e6geerfaringer - KolesterolMedicin.dk","og_description":"L\u00e6ger kritiske overfor statiner Flere og flere l\u00e6ger er kritiske overfor de kolesterols\u00e6nkende piller. Siden er under opbygning.","og_url":"https:\/\/kolesterolmedicin.dk\/?page_id=16","og_site_name":"KolesterolMedicin.dk","twitter_card":"summary_large_image","schema":{"@context":"https:\/\/schema.org","@graph":[{"@type":"WebPage","@id":"https:\/\/kolesterolmedicin.dk\/?page_id=16","url":"https:\/\/kolesterolmedicin.dk\/?page_id=16","name":"L\u00e6geerfaringer - KolesterolMedicin.dk","isPartOf":{"@id":"https:\/\/kolesterolmedicin.dk\/#website"},"datePublished":"2015-06-02T14:37:12+00:00","breadcrumb":{"@id":"https:\/\/kolesterolmedicin.dk\/?page_id=16#breadcrumb"},"inLanguage":"da-DK","potentialAction":[{"@type":"ReadAction","target":["https:\/\/kolesterolmedicin.dk\/?page_id=16"]}]},{"@type":"BreadcrumbList","@id":"https:\/\/kolesterolmedicin.dk\/?page_id=16#breadcrumb","itemListElement":[{"@type":"ListItem","position":1,"name":"Hjem","item":"https:\/\/kolesterolmedicin.dk\/"},{"@type":"ListItem","position":2,"name":"L\u00e6geerfaringer"}]},{"@type":"WebSite","@id":"https:\/\/kolesterolmedicin.dk\/#website","url":"https:\/\/kolesterolmedicin.dk\/","name":"KolesterolMedicin.dk","description":"","potentialAction":[{"@type":"SearchAction","target":{"@type":"EntryPoint","urlTemplate":"https:\/\/kolesterolmedicin.dk\/?s={search_term_string}"},"query-input":{"@type":"PropertyValueSpecification","valueRequired":true,"valueName":"search_term_string"}}],"inLanguage":"da-DK"}]}},"_links":{"self":[{"href":"https:\/\/kolesterolmedicin.dk\/index.php?rest_route=\/wp\/v2\/pages\/16","targetHints":{"allow":["GET"]}}],"collection":[{"href":"https:\/\/kolesterolmedicin.dk\/index.php?rest_route=\/wp\/v2\/pages"}],"about":[{"href":"https:\/\/kolesterolmedicin.dk\/index.php?rest_route=\/wp\/v2\/types\/page"}],"author":[{"embeddable":true,"href":"https:\/\/kolesterolmedicin.dk\/index.php?rest_route=\/wp\/v2\/users\/1"}],"replies":[{"embeddable":true,"href":"https:\/\/kolesterolmedicin.dk\/index.php?rest_route=%2Fwp%2Fv2%2Fcomments&post=16"}],"version-history":[{"count":1,"href":"https:\/\/kolesterolmedicin.dk\/index.php?rest_route=\/wp\/v2\/pages\/16\/revisions"}],"predecessor-version":[{"id":17,"href":"https:\/\/kolesterolmedicin.dk\/index.php?rest_route=\/wp\/v2\/pages\/16\/revisions\/17"}],"wp:attachment":[{"href":"https:\/\/kolesterolmedicin.dk\/index.php?rest_route=%2Fwp%2Fv2%2Fmedia&parent=16"}],"curies":[{"name":"wp","href":"https:\/\/api.w.org\/{rel}","templated":true}]}}