{"id":9,"date":"2015-06-02T14:36:12","date_gmt":"2015-06-02T14:36:12","guid":{"rendered":"http:\/\/kolesterolmedicin.ltaps.dk\/?page_id=9"},"modified":"2015-06-02T14:36:22","modified_gmt":"2015-06-02T14:36:22","slug":"bivirkninger","status":"publish","type":"page","link":"https:\/\/kolesterolmedicin.dk\/?page_id=9","title":{"rendered":"Bivirkninger"},"content":{"rendered":"<p><strong>Statiner \u00e5rsag til smerter<\/strong><\/p>\n<p>Det er tit forbundet med mange smerter at indtage statiner. En bivirkning ved pillerne er nemlig, at de ofte forst\u00e6rker smerter. Eller ligefrem udl\u00f8ser nye smerter.<\/p>\n<p>Teorien bag er, at Coenzymet Q10 (eller blot &#8220;Q10&#8221;) som er et antioxidant, ogs\u00e5 er vigtig for dannelse af energi i mitokondrierne i alle kroppens celler. Uden Q10 har vi ingen energi i cellerne, og vi ville hurtigt d\u00f8. Men blot en reduktion i cellernes indhold af Q10 vil betyde nedsat energi, og det m\u00e6rkes is\u00e6r i musklerne, som hurtigt tr\u00e6ttes og g\u00f8r ondt.<\/p>\n<p>I 2007 offentliggjorde forskere fra Stony Brook Universitetet i New York, et kontrolleret og dobbeltblindet fors\u00f8g med 32 personer i statinbehandling, som havde muskelsmerter. Et tilskud af blot 100 mg Q10 dagligt i en m\u00e5ned gav en signifikant smertelettelse og lettelse i udf\u00f8relsen af almindelige daglige funktioner. S\u00e5 ovenst\u00e5ende teori holder i praksis.<\/p>\n","protected":false},"excerpt":{"rendered":"<p>Statiner \u00e5rsag til smerter Det er tit forbundet med mange smerter at indtage statiner. En bivirkning ved pillerne er nemlig, at de ofte forst\u00e6rker smerter. Eller ligefrem udl\u00f8ser nye smerter. Teorien bag er, at Coenzymet Q10 (eller blot &#8220;Q10&#8221;) som er et antioxidant, ogs\u00e5 er vigtig for dannelse af energi i mitokondrierne i alle kroppens [&hellip;]<\/p>\n","protected":false},"author":1,"featured_media":0,"parent":0,"menu_order":0,"comment_status":"open","ping_status":"open","template":"","meta":{"footnotes":""},"class_list":["post-9","page","type-page","status-publish","hentry"],"yoast_head":"<!-- This site is optimized with the Yoast SEO plugin v26.0 - https:\/\/yoast.com\/wordpress\/plugins\/seo\/ -->\n<title>Bivirkninger - KolesterolMedicin.dk<\/title>\n<meta name=\"robots\" content=\"index, follow, max-snippet:-1, max-image-preview:large, max-video-preview:-1\" \/>\n<link rel=\"canonical\" href=\"https:\/\/kolesterolmedicin.dk\/?page_id=9\" \/>\n<meta property=\"og:locale\" content=\"da_DK\" \/>\n<meta property=\"og:type\" content=\"article\" \/>\n<meta property=\"og:title\" content=\"Bivirkninger - KolesterolMedicin.dk\" \/>\n<meta property=\"og:description\" content=\"Statiner \u00e5rsag til smerter Det er tit forbundet med mange smerter at indtage statiner. En bivirkning ved pillerne er nemlig, at de ofte forst\u00e6rker smerter. Eller ligefrem udl\u00f8ser nye smerter. Teorien bag er, at Coenzymet Q10 (eller blot &#8220;Q10&#8221;) som er et antioxidant, ogs\u00e5 er vigtig for dannelse af energi i mitokondrierne i alle kroppens [&hellip;]\" \/>\n<meta property=\"og:url\" content=\"https:\/\/kolesterolmedicin.dk\/?page_id=9\" \/>\n<meta property=\"og:site_name\" content=\"KolesterolMedicin.dk\" \/>\n<meta property=\"article:modified_time\" content=\"2015-06-02T14:36:22+00:00\" \/>\n<meta name=\"twitter:card\" content=\"summary_large_image\" \/>\n<meta name=\"twitter:label1\" content=\"Estimeret l\u00e6setid\" \/>\n\t<meta name=\"twitter:data1\" content=\"1 minut\" \/>\n<script type=\"application\/ld+json\" class=\"yoast-schema-graph\">{\"@context\":\"https:\/\/schema.org\",\"@graph\":[{\"@type\":\"WebPage\",\"@id\":\"https:\/\/kolesterolmedicin.dk\/?page_id=9\",\"url\":\"https:\/\/kolesterolmedicin.dk\/?page_id=9\",\"name\":\"Bivirkninger - KolesterolMedicin.dk\",\"isPartOf\":{\"@id\":\"https:\/\/kolesterolmedicin.dk\/#website\"},\"datePublished\":\"2015-06-02T14:36:12+00:00\",\"dateModified\":\"2015-06-02T14:36:22+00:00\",\"breadcrumb\":{\"@id\":\"https:\/\/kolesterolmedicin.dk\/?page_id=9#breadcrumb\"},\"inLanguage\":\"da-DK\",\"potentialAction\":[{\"@type\":\"ReadAction\",\"target\":[\"https:\/\/kolesterolmedicin.dk\/?page_id=9\"]}]},{\"@type\":\"BreadcrumbList\",\"@id\":\"https:\/\/kolesterolmedicin.dk\/?page_id=9#breadcrumb\",\"itemListElement\":[{\"@type\":\"ListItem\",\"position\":1,\"name\":\"Hjem\",\"item\":\"https:\/\/kolesterolmedicin.dk\/\"},{\"@type\":\"ListItem\",\"position\":2,\"name\":\"Bivirkninger\"}]},{\"@type\":\"WebSite\",\"@id\":\"https:\/\/kolesterolmedicin.dk\/#website\",\"url\":\"https:\/\/kolesterolmedicin.dk\/\",\"name\":\"KolesterolMedicin.dk\",\"description\":\"\",\"potentialAction\":[{\"@type\":\"SearchAction\",\"target\":{\"@type\":\"EntryPoint\",\"urlTemplate\":\"https:\/\/kolesterolmedicin.dk\/?s={search_term_string}\"},\"query-input\":{\"@type\":\"PropertyValueSpecification\",\"valueRequired\":true,\"valueName\":\"search_term_string\"}}],\"inLanguage\":\"da-DK\"}]}<\/script>\n<!-- \/ Yoast SEO plugin. -->","yoast_head_json":{"title":"Bivirkninger - KolesterolMedicin.dk","robots":{"index":"index","follow":"follow","max-snippet":"max-snippet:-1","max-image-preview":"max-image-preview:large","max-video-preview":"max-video-preview:-1"},"canonical":"https:\/\/kolesterolmedicin.dk\/?page_id=9","og_locale":"da_DK","og_type":"article","og_title":"Bivirkninger - KolesterolMedicin.dk","og_description":"Statiner \u00e5rsag til smerter Det er tit forbundet med mange smerter at indtage statiner. En bivirkning ved pillerne er nemlig, at de ofte forst\u00e6rker smerter. Eller ligefrem udl\u00f8ser nye smerter. Teorien bag er, at Coenzymet Q10 (eller blot &#8220;Q10&#8221;) som er et antioxidant, ogs\u00e5 er vigtig for dannelse af energi i mitokondrierne i alle kroppens [&hellip;]","og_url":"https:\/\/kolesterolmedicin.dk\/?page_id=9","og_site_name":"KolesterolMedicin.dk","article_modified_time":"2015-06-02T14:36:22+00:00","twitter_card":"summary_large_image","twitter_misc":{"Estimeret l\u00e6setid":"1 minut"},"schema":{"@context":"https:\/\/schema.org","@graph":[{"@type":"WebPage","@id":"https:\/\/kolesterolmedicin.dk\/?page_id=9","url":"https:\/\/kolesterolmedicin.dk\/?page_id=9","name":"Bivirkninger - KolesterolMedicin.dk","isPartOf":{"@id":"https:\/\/kolesterolmedicin.dk\/#website"},"datePublished":"2015-06-02T14:36:12+00:00","dateModified":"2015-06-02T14:36:22+00:00","breadcrumb":{"@id":"https:\/\/kolesterolmedicin.dk\/?page_id=9#breadcrumb"},"inLanguage":"da-DK","potentialAction":[{"@type":"ReadAction","target":["https:\/\/kolesterolmedicin.dk\/?page_id=9"]}]},{"@type":"BreadcrumbList","@id":"https:\/\/kolesterolmedicin.dk\/?page_id=9#breadcrumb","itemListElement":[{"@type":"ListItem","position":1,"name":"Hjem","item":"https:\/\/kolesterolmedicin.dk\/"},{"@type":"ListItem","position":2,"name":"Bivirkninger"}]},{"@type":"WebSite","@id":"https:\/\/kolesterolmedicin.dk\/#website","url":"https:\/\/kolesterolmedicin.dk\/","name":"KolesterolMedicin.dk","description":"","potentialAction":[{"@type":"SearchAction","target":{"@type":"EntryPoint","urlTemplate":"https:\/\/kolesterolmedicin.dk\/?s={search_term_string}"},"query-input":{"@type":"PropertyValueSpecification","valueRequired":true,"valueName":"search_term_string"}}],"inLanguage":"da-DK"}]}},"_links":{"self":[{"href":"https:\/\/kolesterolmedicin.dk\/index.php?rest_route=\/wp\/v2\/pages\/9","targetHints":{"allow":["GET"]}}],"collection":[{"href":"https:\/\/kolesterolmedicin.dk\/index.php?rest_route=\/wp\/v2\/pages"}],"about":[{"href":"https:\/\/kolesterolmedicin.dk\/index.php?rest_route=\/wp\/v2\/types\/page"}],"author":[{"embeddable":true,"href":"https:\/\/kolesterolmedicin.dk\/index.php?rest_route=\/wp\/v2\/users\/1"}],"replies":[{"embeddable":true,"href":"https:\/\/kolesterolmedicin.dk\/index.php?rest_route=%2Fwp%2Fv2%2Fcomments&post=9"}],"version-history":[{"count":2,"href":"https:\/\/kolesterolmedicin.dk\/index.php?rest_route=\/wp\/v2\/pages\/9\/revisions"}],"predecessor-version":[{"id":11,"href":"https:\/\/kolesterolmedicin.dk\/index.php?rest_route=\/wp\/v2\/pages\/9\/revisions\/11"}],"wp:attachment":[{"href":"https:\/\/kolesterolmedicin.dk\/index.php?rest_route=%2Fwp%2Fv2%2Fmedia&parent=9"}],"curies":[{"name":"wp","href":"https:\/\/api.w.org\/{rel}","templated":true}]}}